{"id":45,"date":"2022-03-19T11:34:09","date_gmt":"2022-03-19T10:34:09","guid":{"rendered":"https:\/\/maennerreih-geislar.de\/?page_id=45"},"modified":"2022-03-20T12:26:04","modified_gmt":"2022-03-20T11:26:04","slug":"historie","status":"publish","type":"page","link":"https:\/\/maennerreih-geislar.de\/index.php\/historie\/","title":{"rendered":"Historie"},"content":{"rendered":"\n<p>Die Geschichte der Geislarer M\u00e4nnerreih<\/p>\n\n\n\n<p>Gegr\u00fcndet wurde der Verein \u201eM\u00e4nnerreih\u201c im Jahre 1951 auf der Peter und Paul Kirmes in der Gastst\u00e4tte Muders. Die Gr\u00fcndungsmitglieder waren: Heinrich Winterscheid, Mathias Brahm, Christian Heister, Paul Sobkovski und Josef Schumacher, der damlige Wirt vom der Gastst\u00e4tte Muders. Der Jahresbeitrag betrug damals 1,00 DM.<\/p>\n\n\n\n<figure class=\"wp-block-image size-large is-resized\"><img loading=\"lazy\" decoding=\"async\" src=\"https:\/\/maennerreih-geislar.de\/wp-content\/uploads\/2022\/03\/59-1024x614.png\" alt=\"\" class=\"wp-image-50\" width=\"610\" height=\"365\" srcset=\"https:\/\/maennerreih-geislar.de\/wp-content\/uploads\/2022\/03\/59-1024x614.png 1024w, https:\/\/maennerreih-geislar.de\/wp-content\/uploads\/2022\/03\/59-300x180.png 300w, https:\/\/maennerreih-geislar.de\/wp-content\/uploads\/2022\/03\/59-768x460.png 768w, https:\/\/maennerreih-geislar.de\/wp-content\/uploads\/2022\/03\/59.png 1175w\" sizes=\"auto, (max-width: 610px) 100vw, 610px\" \/><\/figure>\n\n\n\n<p>Wie in anderen Orten ist auch die Geislar \u201eM\u00e4nnerreih\u201c aus den Reihen der ehemaligen Junggesellen entstanden. Die Tradition der Vereine \u201eM\u00e4nnerreih\u201c ist folglich so alt wie die der Junggesellenvereine. Genau genommen sind beide miteinander verwandt. Denn heiratet ein Junggeselle, so wird er aus dem Junggesellenverein ausgeschlossen und findet oftmals in der M\u00e4nnerreih eine neue, aber trotzdem vertraute Heimat. Laut Satzung k\u00f6nnen auch Unverheiratete, wenn sie das 30. Lebensjahr erreicht haben, bei der M\u00e4nnerreih eintreten.<\/p>\n\n\n\n<figure class=\"wp-block-image size-large\"><img loading=\"lazy\" decoding=\"async\" width=\"1024\" height=\"681\" src=\"https:\/\/maennerreih-geislar.de\/wp-content\/uploads\/2022\/03\/70-1-1024x681.png\" alt=\"\" class=\"wp-image-51\" srcset=\"https:\/\/maennerreih-geislar.de\/wp-content\/uploads\/2022\/03\/70-1-1024x681.png 1024w, https:\/\/maennerreih-geislar.de\/wp-content\/uploads\/2022\/03\/70-1-300x199.png 300w, https:\/\/maennerreih-geislar.de\/wp-content\/uploads\/2022\/03\/70-1-768x511.png 768w, https:\/\/maennerreih-geislar.de\/wp-content\/uploads\/2022\/03\/70-1.png 1182w\" sizes=\"auto, (max-width: 1024px) 100vw, 1024px\" \/><figcaption>Die Mitglieder der M\u00e4nnerreih mit Damen in den 70er-Jahren<\/figcaption><\/figure>\n\n\n\n<p>In der M\u00e4nnerreih trifft man neben ehemaligen Junggesellen auch Neub\u00fcrger an, die am Ortsleben aktiv teilnehmen. Es gibt einige M\u00e4nnerreih Vereine in der Umgebung von Geislar; sie alle haben sich die Aufgabe gestellt, traditionelle Feste zu f\u00f6rdern und alte Volksbr\u00e4uche zu pflegen. Auch die Geislarer M\u00e4nnerreih pflegt seit 1951 Brauchtum und Tradition. Sie unterst\u00fctzt die Ortsvereine von Geislar aktiv bei Veranstaltungen wie Seniorentag, Maifest, Martinszug, Karnevalssitzung und diversen Veranstaltungen in der Hubertusklause.<\/p>\n\n\n\n<figure class=\"wp-block-image size-large\"><img loading=\"lazy\" decoding=\"async\" width=\"1024\" height=\"747\" src=\"https:\/\/maennerreih-geislar.de\/wp-content\/uploads\/2022\/03\/1979-2-1024x747.jpg\" alt=\"\" class=\"wp-image-63\" srcset=\"https:\/\/maennerreih-geislar.de\/wp-content\/uploads\/2022\/03\/1979-2-1024x747.jpg 1024w, https:\/\/maennerreih-geislar.de\/wp-content\/uploads\/2022\/03\/1979-2-300x219.jpg 300w, https:\/\/maennerreih-geislar.de\/wp-content\/uploads\/2022\/03\/1979-2-768x560.jpg 768w, https:\/\/maennerreih-geislar.de\/wp-content\/uploads\/2022\/03\/1979-2-1200x875.jpg 1200w, https:\/\/maennerreih-geislar.de\/wp-content\/uploads\/2022\/03\/1979-2.jpg 1211w\" sizes=\"auto, (max-width: 1024px) 100vw, 1024px\" \/><\/figure>\n\n\n\n<p>2001 feierte der Verein in der Gastst\u00e4tte \u201eHubertusklause\u201c sein 50.-j\u00e4hriges Bestehen.<\/p>\n\n\n\n<p><\/p>\n","protected":false},"excerpt":{"rendered":"<p>Die Geschichte der Geislarer M\u00e4nnerreih Gegr\u00fcndet wurde der Verein \u201eM\u00e4nnerreih\u201c im Jahre 1951 auf der Peter und Paul Kirmes in der Gastst\u00e4tte Muders. Die Gr\u00fcndungsmitglieder waren: Heinrich Winterscheid, Mathias Brahm, Christian Heister, Paul Sobkovski und Josef Schumacher, der damlige Wirt vom der Gastst\u00e4tte Muders. Der Jahresbeitrag betrug damals 1,00 DM. Wie in anderen Orten ist [&hellip;]<\/p>\n","protected":false},"author":1,"featured_media":0,"parent":0,"menu_order":0,"comment_status":"closed","ping_status":"closed","template":"","meta":{"footnotes":""},"class_list":["post-45","page","type-page","status-publish","hentry"],"_links":{"self":[{"href":"https:\/\/maennerreih-geislar.de\/index.php\/wp-json\/wp\/v2\/pages\/45","targetHints":{"allow":["GET"]}}],"collection":[{"href":"https:\/\/maennerreih-geislar.de\/index.php\/wp-json\/wp\/v2\/pages"}],"about":[{"href":"https:\/\/maennerreih-geislar.de\/index.php\/wp-json\/wp\/v2\/types\/page"}],"author":[{"embeddable":true,"href":"https:\/\/maennerreih-geislar.de\/index.php\/wp-json\/wp\/v2\/users\/1"}],"replies":[{"embeddable":true,"href":"https:\/\/maennerreih-geislar.de\/index.php\/wp-json\/wp\/v2\/comments?post=45"}],"version-history":[{"count":7,"href":"https:\/\/maennerreih-geislar.de\/index.php\/wp-json\/wp\/v2\/pages\/45\/revisions"}],"predecessor-version":[{"id":69,"href":"https:\/\/maennerreih-geislar.de\/index.php\/wp-json\/wp\/v2\/pages\/45\/revisions\/69"}],"wp:attachment":[{"href":"https:\/\/maennerreih-geislar.de\/index.php\/wp-json\/wp\/v2\/media?parent=45"}],"curies":[{"name":"wp","href":"https:\/\/api.w.org\/{rel}","templated":true}]}}